{"id":162,"date":"2020-09-10T20:55:29","date_gmt":"2020-09-10T18:55:29","guid":{"rendered":"https:\/\/www.holz-werkstatt.com\/shop\/?post_type=product&#038;p=162"},"modified":"2024-12-04T07:47:33","modified_gmt":"2024-12-04T06:47:33","slug":"tabula-i-ii-iii-iv","status":"publish","type":"product","link":"https:\/\/www.holz-werkstatt.com\/shop\/?product=tabula-i-ii-iii-iv","title":{"rendered":"Tabula"},"content":{"rendered":"<p>TABULA ist ein einfaches, leichtes Arbeits- und Servierbrett.<br \/>\nDie Griffform erlaubt gutes Fassen von der Fl\u00e4che.<br \/>\nDie eingebrannte, charakteristische Kante bietet hervorragenden Schutz f\u00fcr Feuchtigkeitseinwirkung.<br \/>\nAusf\u00fchrung in heimischen Harth\u00f6lzern (Esche,..)<\/p>\n","protected":false},"excerpt":{"rendered":"<p>Ein Arbeitsbrett f\u00fcr die K\u00fcche und ein Servierbrett f\u00fcr den Tisch.<\/p>\n","protected":false},"featured_media":151,"template":"","meta":[],"product_brand":[],"product_cat":[41,36],"product_tag":[],"class_list":{"0":"post-162","1":"product","2":"type-product","3":"status-publish","4":"has-post-thumbnail","6":"product_cat-holz","7":"product_cat-kueche","9":"first","10":"instock","11":"taxable","12":"shipping-taxable","13":"purchasable","14":"product-type-variable"},"_links":{"self":[{"href":"https:\/\/www.holz-werkstatt.com\/shop\/index.php?rest_route=\/wp\/v2\/product\/162","targetHints":{"allow":["GET"]}}],"collection":[{"href":"https:\/\/www.holz-werkstatt.com\/shop\/index.php?rest_route=\/wp\/v2\/product"}],"about":[{"href":"https:\/\/www.holz-werkstatt.com\/shop\/index.php?rest_route=\/wp\/v2\/types\/product"}],"wp:featuredmedia":[{"embeddable":true,"href":"https:\/\/www.holz-werkstatt.com\/shop\/index.php?rest_route=\/wp\/v2\/media\/151"}],"wp:attachment":[{"href":"https:\/\/www.holz-werkstatt.com\/shop\/index.php?rest_route=%2Fwp%2Fv2%2Fmedia&parent=162"}],"wp:term":[{"taxonomy":"product_brand","embeddable":true,"href":"https:\/\/www.holz-werkstatt.com\/shop\/index.php?rest_route=%2Fwp%2Fv2%2Fproduct_brand&post=162"},{"taxonomy":"product_cat","embeddable":true,"href":"https:\/\/www.holz-werkstatt.com\/shop\/index.php?rest_route=%2Fwp%2Fv2%2Fproduct_cat&post=162"},{"taxonomy":"product_tag","embeddable":true,"href":"https:\/\/www.holz-werkstatt.com\/shop\/index.php?rest_route=%2Fwp%2Fv2%2Fproduct_tag&post=162"}],"curies":[{"name":"wp","href":"https:\/\/api.w.org\/{rel}","templated":true}]}}